{"id":1196,"date":"2022-06-10T12:15:21","date_gmt":"2022-06-10T09:15:21","guid":{"rendered":"http:\/\/dunyaengellilerspor.com\/?page_id=1196"},"modified":"2022-06-10T12:17:24","modified_gmt":"2022-06-10T09:17:24","slug":"iletisim","status":"publish","type":"page","link":"https:\/\/dunyaengellilerspor.com\/index.php\/iletisim\/","title":{"rendered":"\u0130leti\u015fim"},"content":{"rendered":"\n<p><strong>Adres<\/strong>: K\u0131z\u0131lay, Gazi Mustafa Kemal Blv. No:12, 06420 \u00c7ankaya\/Ankara <\/p>\n\n\n\n<p><strong>Telefon<\/strong>: (0312) 431 27 37 <\/p>\n\n\n\n<p><strong>GSM<\/strong>: 0 (533) 548 37 47<\/p>\n\n\n\n<p><strong>Eposta<\/strong>: info@dunyaengellilerspor.com<\/p>\n\n\n\n<iframe src=\"https:\/\/www.google.com\/maps\/embed?pb=!1m18!1m12!1m3!1d48965.078646908354!2d32.849811951382165!3d39.91191233316279!2m3!1f0!2f0!3f0!3m2!1i1024!2i768!4f13.1!3m3!1m2!1s0x14d34f002965550d%3A0x56b9249719055093!2zRMO8bnlhIEVuZ2VsbGlsZXIgU3BvciBLdWzDvGLDvA!5e0!3m2!1str!2str!4v1654852544366!5m2!1str!2str\" width=\"1600\" height=\"350\" style=\"border:0;\" allowfullscreen=\"\" loading=\"lazy\" referrerpolicy=\"no-referrer-when-downgrade\"><\/iframe>\n","protected":false},"excerpt":{"rendered":"<p>Adres: K\u0131z\u0131lay, Gazi Mustafa Kemal Blv. No:12, 06420 \u00c7ankaya\/Ankara Telefon: (0312) 431 27 37 GSM: 0 (533) 548 37 47 Eposta: info@dunyaengellilerspor.com<\/p>\n","protected":false},"author":1,"featured_media":0,"parent":0,"menu_order":0,"comment_status":"closed","ping_status":"closed","template":"","meta":{"footnotes":""},"_links":{"self":[{"href":"https:\/\/dunyaengellilerspor.com\/index.php\/wp-json\/wp\/v2\/pages\/1196"}],"collection":[{"href":"https:\/\/dunyaengellilerspor.com\/index.php\/wp-json\/wp\/v2\/pages"}],"about":[{"href":"https:\/\/dunyaengellilerspor.com\/index.php\/wp-json\/wp\/v2\/types\/page"}],"author":[{"embeddable":true,"href":"https:\/\/dunyaengellilerspor.com\/index.php\/wp-json\/wp\/v2\/users\/1"}],"replies":[{"embeddable":true,"href":"https:\/\/dunyaengellilerspor.com\/index.php\/wp-json\/wp\/v2\/comments?post=1196"}],"version-history":[{"count":4,"href":"https:\/\/dunyaengellilerspor.com\/index.php\/wp-json\/wp\/v2\/pages\/1196\/revisions"}],"predecessor-version":[{"id":1202,"href":"https:\/\/dunyaengellilerspor.com\/index.php\/wp-json\/wp\/v2\/pages\/1196\/revisions\/1202"}],"wp:attachment":[{"href":"https:\/\/dunyaengellilerspor.com\/index.php\/wp-json\/wp\/v2\/media?parent=1196"}],"curies":[{"name":"wp","href":"https:\/\/api.w.org\/{rel}","templated":true}]}}